{"id":60,"date":"2010-03-24T17:00:24","date_gmt":"2010-03-24T15:00:24","guid":{"rendered":"http:\/\/www.tippgaaarchives.com\/?page_id=60"},"modified":"2019-07-19T20:58:21","modified_gmt":"2019-07-19T18:58:21","slug":"tipperary-results","status":"publish","type":"page","link":"https:\/\/www.tippgaaarchives.com\/?page_id=60","title":{"rendered":"Tipperary Scoreboard \/ Sc\u00f3rchl\u00e1r Thiobraid \u00c1rann"},"content":{"rendered":"<h1>Tipperary Scoreboard \/ Sc\u00f3rchl\u00e1r Thiobraid \u00c1rann<\/h1>\n","protected":false},"excerpt":{"rendered":"<p>Tipperary Scoreboard \/ Sc\u00f3rchl\u00e1r Thiobraid \u00c1rann<\/p>\n","protected":false},"author":6,"featured_media":0,"parent":0,"menu_order":3,"comment_status":"closed","ping_status":"closed","template":"","meta":{"footnotes":""},"class_list":["post-60","page","type-page","status-publish","hentry"],"_links":{"self":[{"href":"https:\/\/www.tippgaaarchives.com\/index.php?rest_route=\/wp\/v2\/pages\/60","targetHints":{"allow":["GET"]}}],"collection":[{"href":"https:\/\/www.tippgaaarchives.com\/index.php?rest_route=\/wp\/v2\/pages"}],"about":[{"href":"https:\/\/www.tippgaaarchives.com\/index.php?rest_route=\/wp\/v2\/types\/page"}],"author":[{"embeddable":true,"href":"https:\/\/www.tippgaaarchives.com\/index.php?rest_route=\/wp\/v2\/users\/6"}],"replies":[{"embeddable":true,"href":"https:\/\/www.tippgaaarchives.com\/index.php?rest_route=%2Fwp%2Fv2%2Fcomments&post=60"}],"version-history":[{"count":4,"href":"https:\/\/www.tippgaaarchives.com\/index.php?rest_route=\/wp\/v2\/pages\/60\/revisions"}],"predecessor-version":[{"id":795,"href":"https:\/\/www.tippgaaarchives.com\/index.php?rest_route=\/wp\/v2\/pages\/60\/revisions\/795"}],"wp:attachment":[{"href":"https:\/\/www.tippgaaarchives.com\/index.php?rest_route=%2Fwp%2Fv2%2Fmedia&parent=60"}],"curies":[{"name":"wp","href":"https:\/\/api.w.org\/{rel}","templated":true}]}}