{"id":3,"date":"2009-04-17T12:08:32","date_gmt":"2009-04-17T10:08:32","guid":{"rendered":"http:\/\/www.tippgaaarchives.com\/?page_id=3"},"modified":"2019-07-19T20:48:32","modified_gmt":"2019-07-19T18:48:32","slug":"home","status":"publish","type":"page","link":"https:\/\/www.tippgaaarchives.com\/","title":{"rendered":"Home \/ Baile"},"content":{"rendered":"<h1><img loading=\"lazy\" decoding=\"async\" class=\"alignright size-medium wp-image-36\" title=\"montage1\" src=\"http:\/\/www.tippgaaarchives.com\/wp-content\/uploads\/2009\/04\/montage1-300x265.jpg\" alt=\"montage1\" width=\"300\" height=\"265\" srcset=\"https:\/\/www.tippgaaarchives.com\/wp-content\/uploads\/2009\/04\/montage1-300x265.jpg 300w, https:\/\/www.tippgaaarchives.com\/wp-content\/uploads\/2009\/04\/montage1.jpg 510w\" sizes=\"auto, (max-width: 300px) 100vw, 300px\" \/>Tipperary GAA Archives<\/h1>\n<p>Welcome to Tipperary GAA Archives. This collection contains a record of winning teams and captains for all adult grades of hurling and football in Tipperary.<\/p>\n<p>The site also lists the Tipperary team in each grade of each year. A huge resource.<\/p>\n<p>You may conduct a search or browse through each category.<\/p>\n<h1>Cartlanna CLG Thiobraid \u00c1rann<\/h1>\n<p>F\u00e1ilte go Cartlanna CLG Thiobraid \u00c1rann. Sa bhaili\u00fach\u00e1n seo, gheofar taifead de na foirne agus na captaein rath\u00fala i ngach gr\u00e1id iom\u00e1na\u00edochta agus peile i dTiobraid \u00c1rann.<\/p>\n<p>Ar an su\u00edomh seo f\u00f3s, t\u00e1 liosta\u00ed na foirne Thiobraid \u00c1rann ann i ngach gr\u00e1d agus i ngach bliain. Achmhainn m\u00f3r.<\/p>\n<p>M\u00e1s mian le duine, bh\u00e9if\u00ed cuardach n\u00f3 brabhs\u00e1il a dh\u00e9anamh ar fud na gcatag\u00f3ir\u00ed eile,\u00a0<script type=\"text\/javascript\">\/\/ <![CDATA[\ntry { var pageTracker = _gat._getTracker(\"UA-10856133-1\"); pageTracker._trackPageview(); } catch(err) {}\n\/\/ ]]><\/script><\/p>\n","protected":false},"excerpt":{"rendered":"<p>Tipperary GAA Archives Welcome to Tipperary GAA Archives. This collection contains a record of winning teams and captains for all adult grades of hurling and football in Tipperary. The site also lists the Tipperary team in each grade of each year. A huge resource. You may conduct a search or browse through each category. Cartlanna [&hellip;]<\/p>\n","protected":false},"author":6,"featured_media":0,"parent":0,"menu_order":0,"comment_status":"open","ping_status":"open","template":"","meta":{"footnotes":""},"class_list":["post-3","page","type-page","status-publish","hentry"],"_links":{"self":[{"href":"https:\/\/www.tippgaaarchives.com\/index.php?rest_route=\/wp\/v2\/pages\/3","targetHints":{"allow":["GET"]}}],"collection":[{"href":"https:\/\/www.tippgaaarchives.com\/index.php?rest_route=\/wp\/v2\/pages"}],"about":[{"href":"https:\/\/www.tippgaaarchives.com\/index.php?rest_route=\/wp\/v2\/types\/page"}],"author":[{"embeddable":true,"href":"https:\/\/www.tippgaaarchives.com\/index.php?rest_route=\/wp\/v2\/users\/6"}],"replies":[{"embeddable":true,"href":"https:\/\/www.tippgaaarchives.com\/index.php?rest_route=%2Fwp%2Fv2%2Fcomments&post=3"}],"version-history":[{"count":14,"href":"https:\/\/www.tippgaaarchives.com\/index.php?rest_route=\/wp\/v2\/pages\/3\/revisions"}],"predecessor-version":[{"id":799,"href":"https:\/\/www.tippgaaarchives.com\/index.php?rest_route=\/wp\/v2\/pages\/3\/revisions\/799"}],"wp:attachment":[{"href":"https:\/\/www.tippgaaarchives.com\/index.php?rest_route=%2Fwp%2Fv2%2Fmedia&parent=3"}],"curies":[{"name":"wp","href":"https:\/\/api.w.org\/{rel}","templated":true}]}}